{"id":90,"date":"2023-08-26T19:25:17","date_gmt":"2023-08-26T17:25:17","guid":{"rendered":"https:\/\/audinat.cluster028.hosting.ovh.net\/?post_type=product&#038;p=90"},"modified":"2024-03-23T16:09:31","modified_gmt":"2024-03-23T15:09:31","slug":"mise-a-jour-gps-mmi-3g","status":"publish","type":"product","link":"https:\/\/audinavi.fr\/index.php\/product\/mise-a-jour-gps-mmi-3g\/","title":{"rendered":"Mise \u00e0 jour GPS \u2013 MMI 3G+"},"content":{"rendered":"\n<p><strong>Les pays suivants sont mis \u00e0 jour<\/strong><br>Andorre, Autriche, Belgique, France, Allemagne, Gibraltar, Grande-Bretagne, Irlande, Liechtenstein, Luxembourg, Monaco, Pays-Bas, Portugal, Espagne, Suisse. Albanie, Autriche, Bosnie-Herz\u00e9govine, Bulgarie, Croatie, Danemark, Estonie, Finlande, Gr\u00e8ce, Hongrie, Italie, Lettonie, Liechtenstein, Lituanie, Mac\u00e9doine, Mont\u00e9n\u00e9gro, Norv\u00e8ge, Pologne, R\u00e9publique tch\u00e8que, Roumanie, Saint-Marin, Serbie, Slovaque, Slov\u00e9nie, Su\u00e8de<\/p>\n\n\n\n<p>Contient: 1 carte SD pour la mise \u00e0 jour logiciel + 1 carte SD pour la cartographie (voir ci-dessus) + 1 carte SD pour l\u2019activation (unique \u00e0 chaque v\u00e9hicule et encod\u00e9e avec votre num\u00e9ro de ch\u00e2ssis)<\/p>\n\n\n\n<p><\/p>\n\n\n\n<h4 class=\"wp-block-heading\">G\u00e9n\u00e9ralement compatible avec:<\/h4>\n\n\n\n<ul class=\"wp-block-list\">\n<li>Audi A1 (2011 -&gt; )<\/li>\n\n\n\n<li>Audi A4 (2012 -&gt; )<\/li>\n\n\n\n<li>Audi A5 (2011 -&gt; )<\/li>\n\n\n\n<li>Audi A6 (2010 -&gt; )<\/li>\n\n\n\n<li>Audi A7 (2010 -&gt; )<\/li>\n\n\n\n<li>Audi A8 (2009 -&gt; )*<\/li>\n\n\n\n<li>Audi Q3 (2011 -&gt; )<\/li>\n\n\n\n<li>Audi Q5 (2012 -&gt; )<\/li>\n\n\n\n<li>Audi Q7 (2010 -&gt; )<\/li>\n<\/ul>\n","protected":false},"excerpt":{"rendered":"<p>Mise a jour complete pour votre MMI3G+<\/p>\n<p>Si vous n\u2019\u00eates pas s\u00fbr de la version de votre MMI,contactez nous .<\/p>\n","protected":false},"featured_media":91,"comment_status":"open","ping_status":"closed","template":"","meta":{"advanced_seo_description":"","jetpack_seo_html_title":"","jetpack_seo_noindex":false},"product_brand":[],"product_cat":[24],"product_tag":[],"class_list":{"0":"post-90","1":"product","2":"type-product","3":"status-publish","4":"has-post-thumbnail","6":"product_cat-mise-a-jour-navigation","8":"first","9":"instock","10":"sale","11":"shipping-taxable","12":"purchasable","13":"product-type-simple"},"jetpack_sharing_enabled":true,"_links":{"self":[{"href":"https:\/\/audinavi.fr\/index.php\/wp-json\/wp\/v2\/product\/90","targetHints":{"allow":["GET"]}}],"collection":[{"href":"https:\/\/audinavi.fr\/index.php\/wp-json\/wp\/v2\/product"}],"about":[{"href":"https:\/\/audinavi.fr\/index.php\/wp-json\/wp\/v2\/types\/product"}],"replies":[{"embeddable":true,"href":"https:\/\/audinavi.fr\/index.php\/wp-json\/wp\/v2\/comments?post=90"}],"wp:featuredmedia":[{"embeddable":true,"href":"https:\/\/audinavi.fr\/index.php\/wp-json\/wp\/v2\/media\/91"}],"wp:attachment":[{"href":"https:\/\/audinavi.fr\/index.php\/wp-json\/wp\/v2\/media?parent=90"}],"wp:term":[{"taxonomy":"product_brand","embeddable":true,"href":"https:\/\/audinavi.fr\/index.php\/wp-json\/wp\/v2\/product_brand?post=90"},{"taxonomy":"product_cat","embeddable":true,"href":"https:\/\/audinavi.fr\/index.php\/wp-json\/wp\/v2\/product_cat?post=90"},{"taxonomy":"product_tag","embeddable":true,"href":"https:\/\/audinavi.fr\/index.php\/wp-json\/wp\/v2\/product_tag?post=90"}],"curies":[{"name":"wp","href":"https:\/\/api.w.org\/{rel}","templated":true}]}}