{"id":2038,"date":"2024-08-09T17:20:01","date_gmt":"2024-08-09T15:20:01","guid":{"rendered":"https:\/\/audinavi.fr\/?post_type=product&#038;p=2038"},"modified":"2025-05-05T12:14:05","modified_gmt":"2025-05-05T10:14:05","slug":"activation-carplay-android-full-pack-reserve-apaa-carplay-nav-vim","status":"publish","type":"product","link":"https:\/\/audinavi.fr\/index.php\/product\/activation-carplay-android-full-pack-reserve-apaa-carplay-nav-vim\/","title":{"rendered":"Activation Carplay\/Android Full PACK Reserv\u00e9 AP(AA\/Carplay\/NAv\/Vim)"},"content":{"rendered":"\n<p>Ne changez pas vos habitudes, utilisez vos applications pr\u00e9f\u00e9r\u00e9es sur votre \u00e9cran d\u2019origine gr\u00e2ce au <strong>Carplay\/Android Auto<\/strong><\/p>\n\n\n\n<p><strong>Waze<\/strong>, <strong>Coyote<\/strong>, <strong>Siri<\/strong>, <strong>Google Maps<\/strong>, <strong>Plans<\/strong>, <strong>Apple Music<\/strong>, <strong>Spotify<\/strong> ou <strong>Deezer<\/strong>\u2026, acc\u00e9dez \u00e0 tout cela facilement depuis le tableau de bord de votre voiture avec <strong>l\u2019option Apple Carplay\/Android Auto<\/strong>. Il vous sera m\u00eame possible de passer des appels, envoyer des messages ou en recevoir depuis votre <strong>Carplay\/Android auto<\/strong> tout en conduisant.<\/p>\n\n\n\n<p>Liste des v\u00e9hicules compatibles :<\/p>\n\n\n\n<p>_ Audi A6\/A7 Berline\/Avant\/Allroad: \u00e0 partir de 2015<\/p>\n\n\n\n<p>_Audi A4\/A5\/Q5 fy (a voir avec les ports usb)<\/p>\n\n\n\n<p>_ Audi S6: \u00e0 partir de 2018<\/p>\n\n\n\n<p>_ Audi S6 Avant: \u00e0 partir de 2018<\/p>\n\n\n\n<p>_ Audi RS 6 Avant: \u00e0 partir de 2018<\/p>\n\n\n\n<p>_ Audi A7 Sportback: \u00e0 partir de 2018<\/p>\n\n\n\n<p>_ Audi S7 Sportback: \u00e0 partir de 2018<\/p>\n\n\n\n<p>_ Audi RS 7 Sportback: \u00e0 partir de 2018<\/p>\n\n\n\n<p>_ Audi Q7: \u00e0 partir de 2018<\/p>\n\n\n\n<p>_ Audi TT Coupe: \u00e0 partir de 2015<\/p>\n\n\n\n<p>_ Audi TT RS Coupe\/Roadster: 2017-2018<\/p>\n\n\n\n<p>_ Audi R8\/Spyder: 2015-2018<\/p>\n\n\n\n<p><\/p>\n","protected":false},"excerpt":{"rendered":"<p>Activation de l option en natif de CARPLAY\/ANDROID AUTO sur l\u2019\u00e9cran d\u2019origine Audi.<\/p>\n<p>Pour r\u00e9aliser l op\u00e9ration vous aurez besoin de :<br \/>\u00a0<br \/>1 VCDS<br \/>1 Dongle USb\/RJ<br \/>\u00a0<br \/>Pour les membres des groupes FB\/AP ou autre nous mettons a disposition gratuitement le vcds et le dongle pour l activation(hors promo)<br \/>\u00a0<br \/>\u00a0<br \/>\u00a0<br \/>si vous n avez pas le mat\u00e9riel n\u00e9cessaire nous avons un full pack dispo<\/p>\n","protected":false},"featured_media":40,"comment_status":"open","ping_status":"closed","template":"","meta":{"advanced_seo_description":"","jetpack_seo_html_title":"","jetpack_seo_noindex":false},"product_brand":[],"product_cat":[20],"product_tag":[],"class_list":{"0":"post-2038","1":"product","2":"type-product","3":"status-publish","4":"has-post-thumbnail","6":"product_cat-carplay","8":"first","9":"instock","10":"sale","11":"shipping-taxable","12":"purchasable","13":"product-type-simple"},"jetpack_sharing_enabled":true,"_links":{"self":[{"href":"https:\/\/audinavi.fr\/index.php\/wp-json\/wp\/v2\/product\/2038","targetHints":{"allow":["GET"]}}],"collection":[{"href":"https:\/\/audinavi.fr\/index.php\/wp-json\/wp\/v2\/product"}],"about":[{"href":"https:\/\/audinavi.fr\/index.php\/wp-json\/wp\/v2\/types\/product"}],"replies":[{"embeddable":true,"href":"https:\/\/audinavi.fr\/index.php\/wp-json\/wp\/v2\/comments?post=2038"}],"wp:featuredmedia":[{"embeddable":true,"href":"https:\/\/audinavi.fr\/index.php\/wp-json\/wp\/v2\/media\/40"}],"wp:attachment":[{"href":"https:\/\/audinavi.fr\/index.php\/wp-json\/wp\/v2\/media?parent=2038"}],"wp:term":[{"taxonomy":"product_brand","embeddable":true,"href":"https:\/\/audinavi.fr\/index.php\/wp-json\/wp\/v2\/product_brand?post=2038"},{"taxonomy":"product_cat","embeddable":true,"href":"https:\/\/audinavi.fr\/index.php\/wp-json\/wp\/v2\/product_cat?post=2038"},{"taxonomy":"product_tag","embeddable":true,"href":"https:\/\/audinavi.fr\/index.php\/wp-json\/wp\/v2\/product_tag?post=2038"}],"curies":[{"name":"wp","href":"https:\/\/api.w.org\/{rel}","templated":true}]}}