{"id":114,"date":"2023-08-26T23:33:51","date_gmt":"2023-08-26T21:33:51","guid":{"rendered":"http:\/\/audinat.cluster028.hosting.ovh.net\/?post_type=product&#038;p=114"},"modified":"2026-03-17T13:35:19","modified_gmt":"2026-03-17T12:35:19","slug":"vcds-23-11-francais-mise-a-jour-possible","status":"publish","type":"product","link":"https:\/\/audinavi.fr\/index.php\/product\/vcds-23-11-francais-mise-a-jour-possible\/","title":{"rendered":"VCDS 25.3 Francais (Mise a jour Possible)"},"content":{"rendered":"\n<p>Toutes les interfaces et les c\u00e2bles sont test\u00e9s avant exp\u00e9dition. Les instructions et installation compl\u00e8tes sont incluses ou nous pouvons installer le logiciel sur votre ordinateur via Teamviewer.<\/p>\n\n\n\n<p>Aucune limite sur les vins. (vins = num\u00e9ro de chassis )<br>Le complet vcds vag com vagcom 23.11 C\u00e2ble de diagnostic hex v2 usb + peut interface pour vw, audi, si\u00e8ge, skoda couvre tous les modules, y compris airbag, abs, moteur, bo\u00eete de vitesses, verrouillage central, etc.<br>Lire et effacer tous les codes d&rsquo;erreur r\u00e9initialiser tous les indicateurs de service test dynamique du turbo \u00e0 g\u00e9om\u00e9trie variable.<\/p>\n\n\n\n<p>Test dynamique du d\u00e9bitm\u00e8tre \u00e0 film chaud.<br>Test des actionneurs<br>(exemple) =&gt; \u00e9lectrovanne de limitation de pression de suralimentation n75) test des diff\u00e9rents capteurs (de pression, de temp\u00e9rature, de pression atmosph\u00e9rique\u2026) Test de la quantit\u00e9 d\u2019air absorb\u00e9e par le moteur (ralenti et en charge) test de la quantit\u00e9 de carburant inject\u00e9e (test de la pompe d\u2019injection &#8211; tiroir de r\u00e9gulation, clapet du d\u00e9but d\u2019injection &#8211; transmetteur de course de tiroir de r\u00e9gulation) adaptation des valeurs dans les diff\u00e9rents calculateurs (exemple: modification de l\u2019ouverture de la soupape de la valve egr) test de la valve egr (recyclage des gaz)dpf r\u00e9g\u00e9n\u00e9ration balayage automatique de tous les v\u00e9hicules, adaptation et codage long et complet \u00e9conomie d&rsquo;adaptation nivellement au x\u00e9non groupe d&rsquo;instruments effacement du code d&rsquo;erreur abs faute de compensation remplacement du frein arri\u00e8re rentre le frein \u00e0 main du mod\u00e8le en retard pour le changement de plaquette adaptations du corps de papillon r\u00e9initialisation des voyants de service kilom\u00e9trage acc\u00e8s de s\u00e9curit\u00e9 tests de sortie immobilisation vitres \u00e9lectriques cl\u00e9 de codage et bien plus encore!<\/p>\n\n\n\n<ol class=\"wp-block-list\">\n<li>Est enti\u00e8rement compatible avec tous les mod\u00e8les vw, audi, seat et skoda jusqu&rsquo;\u00e0 l&rsquo;ann\u00e9e mod\u00e8le en cours, y compris les mod\u00e8les utilisant une connexion directe de bo\u00eete de conserve pour le diagnostic.<\/li>\n\n\n\n<li>Poss\u00e8de une base de donn\u00e9es de plus de 14 000 codes d&rsquo;erreur et textes de bloc de mesure.<\/li>\n\n\n\n<li>Peut utiliser les nouveaux codes pin \/ skc \u00e0 7 chiffres pour faire correspondre les nouvelles cl\u00e9s de tous les mod\u00e8les vw \/ audi \/ seat \/ skoda \u00e9quip\u00e9s de syst\u00e8me d&rsquo;immobilisation.<\/li>\n\n\n\n<li>Vous permet d&rsquo;afficher, de consigner et de repr\u00e9senter graphiquement 3 groupes de blocs de mesure \u00e0 la fois.<\/li>\n\n\n\n<li>Peut acc\u00e9der \u00e0 tous les modules de commande n\u00e9cessitant des modes propri\u00e9taires propri\u00e9taires ex\u00e9cutant les protocoles kwp-2000 (2001+ teves mk. 60 Abs, de nombreux modules 2002+), kwp6000 (can) et \/ ou kwp7000 (uds).<\/li>\n\n\n\n<li>R\u00e9initialiser tous les indicateurs de service (y compris audi et vw skoda seat 7. Lit et efface tous les codes d&rsquo;erreur couvre tous les modules, y compris airbag, abs, moteur, bo\u00eete de vitesses, verrouillage central, etc.<\/li>\n\n\n\n<li>Vagcom 23.3.1Peut faire du codage et du codage long Syst\u00e8mes requis: (32 bits \/ 64 bits) de windows 7, windows 8, windows xp, windows 10.<\/li>\n<\/ol>\n\n\n\n<p>Liste des Applications du v\u00e9hicule:<\/p>\n\n\n\n<p>Audi<\/p>\n\n\n\n<ul class=\"wp-block-list\">\n<li>Audi A1 (8X) 2010+<\/li>\n\n\n\n<li>Audi A1 (GB) (2019 +<\/li>\n\n\n\n<li>Audi A2 (8Z) 2000 &#8211; 2005<\/li>\n\n\n\n<li>Audi A3\/S3 (8L) 1997 &#8211; 2003<\/li>\n\n\n\n<li>Audi A3\/S3 &amp; A3 Cabriolet (8P\/FM) 2004+<\/li>\n\n\n\n<li>Audi A3\/S3 (8V\/FF) 2013+<\/li>\n\n\n\n<li>Audi A4\/S4\/RS4 (8D) 1995 &#8211; 2001<\/li>\n\n\n\n<li>Audi A4\/S4\/RS4\/Cabriolet (8E\/8H) 2001 &#8211; 2008<\/li>\n\n\n\n<li>Audi A4\/S4\/RS4 (8K\/FL) 2008+<\/li>\n\n\n\n<li>Audi A4 \/ s4\/ rs4 \/ cab (8K) (B8)(2008 &gt; 2015<\/li>\n\n\n\n<li>Audi A4 \/ S4\/RS4 (8W)(B9) (2016 &gt;<\/li>\n\n\n\n<li>Audi A5\/S5\/RS5 (8T\/FH\/FR) 2007+<\/li>\n\n\n\n<li>Audi A5\/S5 Cabriolet (8F) 2010+<\/li>\n\n\n\n<li>Audi A5 \/ S5\/RS5 (F5) (2017&gt;<\/li>\n\n\n\n<li>Audi 100\/A6\/S6 (4A) 1991 &#8211; 1997<\/li>\n\n\n\n<li>Audi A6\/S6\/RS6\/allroad (4B) 1997 &#8211; 2006<\/li>\n\n\n\n<li>Audi A6\/S6\/RS6\/allroad (4F\/FB) 2005 &#8211; 2011<\/li>\n\n\n\n<li>Audi A6\/S6\/RS6\/allroad (4G\/FC) 2011+<\/li>\n\n\n\n<li>Audi A6 \/ S6\/RS6 (C8)(2019 +<\/li>\n\n\n\n<li>Audi A7 (4G) 2011+<\/li>\n\n\n\n<li>Audi A7 (4K)(2019 &gt;<\/li>\n\n\n\n<li>Audi A8\/S8 (4D) 1994 &#8211; 2002<\/li>\n\n\n\n<li>Audi A8\/S8 (4E) 2003 &#8211; 2010<\/li>\n\n\n\n<li>Audi A8\/S8 (4H) 2010 &#8211; 2017<\/li>\n\n\n\n<li>Audi A8\/S8 (4N) 2018+<\/li>\n\n\n\n<li>Audi Q2 (GA)(2017 &gt;)<\/li>\n\n\n\n<li>Audi Q3 (8U\/FS) 2012+<\/li>\n\n\n\n<li>Audi Q3\/SQ3\/RSQ3 (F3) 2018+<\/li>\n\n\n\n<li>Audi Q5 (8R\/FP) 2008+<\/li>\n\n\n\n<li>Audi Q5 (FY)(2017 &gt;)<\/li>\n\n\n\n<li>Audi Q7 (4L\/FE) 2007 &#8211; 2015<\/li>\n\n\n\n<li>Audi Q7\/SQ7 (4M) 2016+<\/li>\n\n\n\n<li>Audi Q8\/SQ8\/RSQ8 (4M) 2016+<\/li>\n\n\n\n<li>Audi R8 (42) 2007 &#8211; 2015<\/li>\n\n\n\n<li>Audi R8 (4S) 2016+<\/li>\n\n\n\n<li>Audi TT (8N) 1999 &#8211; 2007<\/li>\n\n\n\n<li>Audi TT (8J) 2007 &#8211; 2014<\/li>\n\n\n\n<li>Audi TT (8S) 2015+<\/li>\n\n\n\n<li>Syst\u00e8me de radio\/navigation Audi<\/li>\n<\/ul>\n\n\n\n<p>Bentley<\/p>\n\n\n\n<ul class=\"wp-block-list\">\n<li>Bentley Continental GT (3W3) 2004+<\/li>\n\n\n\n<li>Bentley Continental Flying Spur (3W2) 2005+<\/li>\n\n\n\n<li>Bentley Continental GTC (3W4) 2007+<\/li>\n\n\n\n<li>Bentley Mulsanne (3 ans) 2011+<\/li>\n\n\n\n<li>Bentley Continental (39) 2012+<\/li>\n\n\n\n<li>Bentley Flying Spur (4W) 2014+<\/li>\n\n\n\n<li>Bentley Bentayga (4V) 2017<\/li>\n\n\n\n<li><\/li>\n<\/ul>\n\n\n\n<p>Lamborghini<\/p>\n\n\n\n<ul class=\"wp-block-list\">\n<li>Lamborghini Gallardo (40) 2008 &#8211; 2013 &#8211; (Non officiellement pris en charge)<\/li>\n\n\n\n<li>Lamborghini Hurac\u00e1n (4T) 2013+ &#8211; (Non officiellement pris en charge)<\/li>\n\n\n\n<li>Lamborghini Aventador (47) 2013+ &#8211; (Non officiellement pris en charge)<\/li>\n\n\n\n<li>Lamborghini Urus (ZL) 2018+ &#8211; (Non officiellement pris en charge)<\/li>\n<\/ul>\n\n\n\n<p>Si\u00e8ge\/Cupra &#8211; Seat<\/p>\n\n\n\n<ul class=\"wp-block-list\">\n<li>Si\u00e8ge Alhambra (7M) 1996 &#8211; 2010<\/li>\n\n\n\n<li>Si\u00e8ge Alhambra (71) 2011+<\/li>\n\n\n\n<li>Si\u00e8ge Altea (5P) 2004+<\/li>\n\n\n\n<li>Si\u00e8ge Arosa (6H) 1997 &#8211; 2004<\/li>\n\n\n\n<li>Seat Arona (2018 +<\/li>\n\n\n\n<li>Si\u00e8ge\/Cupra Ateca (KH7\/KHP) 2016+<\/li>\n\n\n\n<li>Cupra N\u00e9e (K11) 2022+<\/li>\n\n\n\n<li>Si\u00e8ge Exeo (3R) 2009+<\/li>\n\n\n\n<li>Cupra Formentor (KM7) 2021+<\/li>\n\n\n\n<li>Si\u00e8ge Ibiza\/Cordoba (6K) 1993 &#8211; 2002<\/li>\n\n\n\n<li>Si\u00e8ge Ibiza\/Cordoba (6L) 2002+<\/li>\n\n\n\n<li>Si\u00e8ge Ibiza (6J) 2008+<\/li>\n\n\n\n<li>Seat Ibiza (6P) (2016 &gt; 2017)<\/li>\n\n\n\n<li>Si\u00e8ge Inca (6K) 1996 &#8211; 2003<\/li>\n\n\n\n<li>Si\u00e8ge Leon\/Toledo (1M) 2000 &#8211; 2006<\/li>\n\n\n\n<li>Si\u00e8ge Leon (1P) 2006+<\/li>\n\n\n\n<li>Seat Leon (5F) (2013 +<\/li>\n\n\n\n<li>Seat Mii (2012&gt;)<\/li>\n\n\n\n<li>Seat Tarraco (2019 &gt;)<\/li>\n\n\n\n<li>Si\u00e8ge Toledo (1L) 1992 &#8211; 1999<\/li>\n\n\n\n<li>Si\u00e8ge\/Cupra Leon (KL1\/KL8\/KU1\/KU8) 2020+<\/li>\n\n\n\n<li>Si\u00e8ge Toledo (5P) 2005+<\/li>\n\n\n\n<li>Seat Toledo (1M) (2000 &gt;2004)<\/li>\n\n\n\n<li>Seat Toledo (1L) (1992 &gt;1999)<\/li>\n\n\n\n<li>Radio\/Syst\u00e8me de navigation<\/li>\n<\/ul>\n\n\n\n<p>Skoda<\/p>\n\n\n\n<ul class=\"wp-block-list\">\n<li>Skoda Citigo (2012&gt;<\/li>\n\n\n\n<li>Skoda Fabia (6Y) 2000 &#8211; 2007<\/li>\n\n\n\n<li>Skoda Fabia (5J) 2007 &#8211; 2010<\/li>\n\n\n\n<li>Skoda Fabia (5J) 2011+<\/li>\n\n\n\n<li>Skoda Fabia (NJ) (2015&gt;<\/li>\n\n\n\n<li>Skoda Felicia (6U) 1996 &#8211; 2001<\/li>\n\n\n\n<li>Skoda Karoq (2018&gt;)<\/li>\n\n\n\n<li>Skoda Kodia(2017&gt;)<\/li>\n\n\n\n<li>Skoda Octavia I (1U) 1997+<\/li>\n\n\n\n<li>Skoda Octavia II (1Z) 2005+<\/li>\n\n\n\n<li>Skoda Octavia III (5E) (2013&gt;)<\/li>\n\n\n\n<li>Skoda Octavia (NE) (2013&gt;)<\/li>\n\n\n\n<li>Skoda Pick Up (67) 1996 &#8211; 2001<\/li>\n\n\n\n<li>Skoda Rapid (2013 &gt;)<\/li>\n\n\n\n<li>Skoda Roomster (5J) 2006 &#8211; 2010<\/li>\n\n\n\n<li>Skoda Roomster (5J) 2011+<\/li>\n\n\n\n<li>Skoda Superb (3U) 2002 &#8211; 2008<\/li>\n\n\n\n<li>Skoda Superb (3T) 2008+<\/li>\n\n\n\n<li>Skoda Superb (2015&gt;)<\/li>\n\n\n\n<li>Skoda Yeti (2010 -2018)<\/li>\n\n\n\n<li>Syst\u00e8me de radio\/navigation Skoda<\/li>\n<\/ul>\n\n\n\n<p>Volkswagen<\/p>\n\n\n\n<ul class=\"wp-block-list\">\n<li>VW Amarok (2H) 2010+<\/li>\n\n\n\n<li>Vw Ameo (2017 +<\/li>\n\n\n\n<li>Vw Arteon (2017 +<\/li>\n\n\n\n<li>VW Atlas\/Teramont (CA1\/CA2) 2018+<\/li>\n\n\n\n<li>VW New Beetle\/Cabriolet (1C\/1Y\/9C\/AG\/AL) 1998 &#8211; 2010<\/li>\n\n\n\n<li>VW Beetle (5C\/AT) 2012+ (r\u00e9gion nord-am\u00e9ricaine uniquement)<\/li>\n\n\n\n<li>Vw New beetle (1998 &gt;2010)<\/li>\n\n\n\n<li>Vw New beetle (2012 &gt;<\/li>\n\n\n\n<li>Vw New beetle cab (2013 &gt; )<\/li>\n\n\n\n<li>VW Caddy (9K) 1996 &#8211; 2003<\/li>\n\n\n\n<li>VW Caddy (2K) 2004+<\/li>\n\n\n\n<li>Vw Caddy (2011 &gt; 2015)<\/li>\n\n\n\n<li>Vw Caddy (2016 &gt;<\/li>\n\n\n\n<li>VW Corrado (50) 1989 &#8211; 1995<\/li>\n\n\n\n<li>VW Crafter (2E) 2006+<\/li>\n\n\n\n<li>VW Eos (1F) 2006+<\/li>\n\n\n\n<li>VW Fox\/Spacefox\/Sportvan\/Suran (5Z) 2005+<\/li>\n\n\n\n<li>VW Gol\/Parati\/Saveiro (5X) 2000+<\/li>\n\n\n\n<li>VW Golf\/Jetta (19E)|VW Golf\/Jetta II (19E) 1983 &#8211; 1992<\/li>\n\n\n\n<li>VW Golf\/Jetta\/Vento\/Cabriolet III (1H) 1992 &#8211; 1998<\/li>\n\n\n\n<li>VW Golf Cabriolet IV (1E) 1999 &#8211; 2002<\/li>\n\n\n\n<li>VW Golf\/Jetta\/Bora IV (1J\/9M) 1998+<\/li>\n\n\n\n<li>VW Golf\/Golf Plus\/Jetta\/Bora V (1K\/5M) 2004+<\/li>\n\n\n\n<li>VW Golf\/Golf Plus\/Jetta Wagon (JSW)\/Golf Variant (5K\/52\/AJ) 2009+<\/li>\n\n\n\n<li>Vw Golf \/Jetta VI (2009 &gt; 2013)<\/li>\n\n\n\n<li>Vw Golf \/ Jetta VII (2013 &gt;<\/li>\n\n\n\n<li>VW Golf VIII (2020 +<\/li>\n\n\n\n<li>Vw Golf Variant (2014 &gt;<\/li>\n\n\n\n<li>Vw Golf E-golf VII(2015&gt;)<\/li>\n\n\n\n<li>VW Jetta (1K\/AJ) 2010 uniquement<\/li>\n\n\n\n<li>VW Jetta (16\/AJ) 2011+ (r\u00e9gion nord-am\u00e9ricaine uniquement, GLI exclu)<\/li>\n\n\n\n<li>VW Jetta (16\/AJ) 2011+ (reste du monde, y compris la r\u00e9gion nord-am\u00e9ricaine GLI)<\/li>\n\n\n\n<li>VW Golf VII (5G\/AU) 2013+ (Rest of World, 2015+ en Am\u00e9rique du Nord)<\/li>\n\n\n\n<li>VW ID.3 (E11) 2020+<\/li>\n\n\n\n<li>VW ID.4 (E21) 2021+<\/li>\n\n\n\n<li>VW ID.5 (E39) 2022+<\/li>\n\n\n\n<li>VW ID.Buzz (EBA\/EBB) 2023+<\/li>\n\n\n\n<li>VW LT (2D) 1996+<\/li>\n\n\n\n<li>VW Lupo (6E\/6X) 1999+<\/li>\n\n\n\n<li>Vw Lupo ( 2000 &gt; 2006)<\/li>\n\n\n\n<li>VW Passat (31) 1988 &#8211; 1993<\/li>\n\n\n\n<li>VW Passat (3A) 1994 &#8211; 1997<\/li>\n\n\n\n<li>VW Passat (3B) 1997 &#8211; 2005<\/li>\n\n\n\n<li>VW Passat (3C\/AN) 2006 &#8211; 2011, et plus tard RoW<\/li>\n\n\n\n<li>VW Passat CC (35\/AN) 2009+<\/li>\n\n\n\n<li>VW Passat (36) 2011+<\/li>\n\n\n\n<li>VW Passat (NMS\/A3) 2012+ (r\u00e9gion nord-am\u00e9ricaine uniquement)<\/li>\n\n\n\n<li>Vw Passat B3 (1997<\/li>\n\n\n\n<li>Vw Passat b5 (1997 &gt; 2005)<\/li>\n\n\n\n<li>Vw Passat b6 (2005 &gt; 2010)<\/li>\n\n\n\n<li>Vw Passat b7 ( 2011 &gt; 2014)<\/li>\n\n\n\n<li>Vw Passat b8 ( 2015 &gt; )<\/li>\n\n\n\n<li>Vw Passat cc ( 2009 &gt;)<\/li>\n\n\n\n<li>VW Phaeton (3D) 2002+<\/li>\n\n\n\n<li>Vw Phaeton (2007 &gt; )<\/li>\n\n\n\n<li>VW Polo (6N) 1994 &#8211; 2002<\/li>\n\n\n\n<li>VW Polo (9N) 2002 &#8211; 2009<\/li>\n\n\n\n<li>VW Polo (6R) 2009+<\/li>\n\n\n\n<li>Vw Polo (6C)(2015 +<\/li>\n\n\n\n<li>VW Routan (7B) 2008+<\/li>\n\n\n\n<li>Le Routan est une Dodge Caravan rebaptis\u00e9e et n&rsquo;est PAS prise en charge par le VCDS ou les outils de balayage d&rsquo;usine VW.<\/li>\n\n\n\n<li>VW Scirocco (13) 2008+<\/li>\n\n\n\n<li>Vw Scirocco (2015 +<\/li>\n\n\n\n<li>VW Sharan (7M) 1995 &#8211; 2010<\/li>\n\n\n\n<li>VW Sharan (7N) 2011+<\/li>\n\n\n\n<li>VW Tiguan (5N\/AX) 2007+<\/li>\n\n\n\n<li>Vw Tiguan (2016 +<\/li>\n\n\n\n<li>VW Touareg (7L\/A9) 2003 &#8211; 2010<\/li>\n\n\n\n<li>VW Touareg (7P\/BP) 2010+<\/li>\n\n\n\n<li>Vw Touareg (2011 +<\/li>\n\n\n\n<li>VW Touran (1T) 2003+<\/li>\n\n\n\n<li>Vw Touran (2015 +<\/li>\n\n\n\n<li>Vw T-Roc (2018 +<\/li>\n\n\n\n<li>Vw Teramont (2018 +<\/li>\n\n\n\n<li>Transporteur VW (70) 1991 &#8211; 1996<\/li>\n\n\n\n<li>VW Transporter (7D) 1997 &#8211; 2003<\/li>\n\n\n\n<li>VW Transporter (7H\/7J) 2003 &#8211; 2009<\/li>\n\n\n\n<li>VW Transporter (7E\/7F) 2010+<\/li>\n\n\n\n<li>Vw Transporteur \/ Multivan (2010 &gt;2015)<\/li>\n\n\n\n<li>Vw Transporteur \/ Multivan (2016 +<\/li>\n\n\n\n<li>Vw Up (2012 +<\/li>\n\n\n\n<li>Vw Fox \/ Spacefox \/ Sportvan \/ Suran (5Z) 2005&gt;<\/li>\n\n\n\n<li>VW XL1 (6Z1) 2015<\/li>\n\n\n\n<li>MISE A JOUR POSSIBLE<\/li>\n<\/ul>\n","protected":false},"excerpt":{"rendered":"<p>Outil et logiciel de diag du groupe vag<\/p>\n","protected":false},"featured_media":105,"comment_status":"open","ping_status":"closed","template":"","meta":{"advanced_seo_description":"","jetpack_seo_html_title":"","jetpack_seo_noindex":false},"product_brand":[],"product_cat":[25],"product_tag":[],"class_list":{"0":"post-114","1":"product","2":"type-product","3":"status-publish","4":"has-post-thumbnail","6":"product_cat-outils-de-diag","8":"first","9":"instock","10":"sale","11":"shipping-taxable","12":"purchasable","13":"product-type-simple"},"jetpack_sharing_enabled":true,"_links":{"self":[{"href":"https:\/\/audinavi.fr\/index.php\/wp-json\/wp\/v2\/product\/114","targetHints":{"allow":["GET"]}}],"collection":[{"href":"https:\/\/audinavi.fr\/index.php\/wp-json\/wp\/v2\/product"}],"about":[{"href":"https:\/\/audinavi.fr\/index.php\/wp-json\/wp\/v2\/types\/product"}],"replies":[{"embeddable":true,"href":"https:\/\/audinavi.fr\/index.php\/wp-json\/wp\/v2\/comments?post=114"}],"wp:featuredmedia":[{"embeddable":true,"href":"https:\/\/audinavi.fr\/index.php\/wp-json\/wp\/v2\/media\/105"}],"wp:attachment":[{"href":"https:\/\/audinavi.fr\/index.php\/wp-json\/wp\/v2\/media?parent=114"}],"wp:term":[{"taxonomy":"product_brand","embeddable":true,"href":"https:\/\/audinavi.fr\/index.php\/wp-json\/wp\/v2\/product_brand?post=114"},{"taxonomy":"product_cat","embeddable":true,"href":"https:\/\/audinavi.fr\/index.php\/wp-json\/wp\/v2\/product_cat?post=114"},{"taxonomy":"product_tag","embeddable":true,"href":"https:\/\/audinavi.fr\/index.php\/wp-json\/wp\/v2\/product_tag?post=114"}],"curies":[{"name":"wp","href":"https:\/\/api.w.org\/{rel}","templated":true}]}}