{"id":110,"date":"2023-08-26T22:48:29","date_gmt":"2023-08-26T20:48:29","guid":{"rendered":"https:\/\/audinat.cluster028.hosting.ovh.net\/?post_type=product&#038;p=110"},"modified":"2025-09-10T14:52:06","modified_gmt":"2025-09-10T12:52:06","slug":"vas-5054a","status":"publish","type":"product","link":"https:\/\/audinavi.fr\/index.php\/product\/vas-5054a\/","title":{"rendered":"VAS 5054A"},"content":{"rendered":"\n<h2 class=\"wp-block-heading\">VAS 5054A Interface Avec Puce OKI diagnostic Audi VW Skoda<\/h2>\n\n\n\n<p>Le VAS 5054A est une interface de diagnostic et de programmation OBD2 pour les v\u00e9hicules Volkswagen &#8211; Audi &#8211; Seat et Skoda.<br><br><strong>Elle vous permettra d&rsquo;effectuer vous-m\u00eame les op\u00e9rations suivantes :<\/strong><br>&#8211; Effectuer un diagnostic complet du v\u00e9hicule<br>&#8211; Lire les codes d\u00e9fauts des diff\u00e9rents calculateurs du v\u00e9hicule (moteur, ABS, airbag,&#8230;)<br>&#8211; Effacer les codes d\u00e9fauts et \u00e9teindre les voyants du tableau de bord<br>&#8211; Ajouter de nouvelles options \u00e0 votre v\u00e9hicule (anti car-jacking, programmation cl\u00e9s, r\u00e9gulateur de vitesse,&#8230;)<br>&#8211; T\u00e9l\u00e9coder des injecteurs, programmer une bo\u00eete automatique, etc.<br><br>Le VAS 5054A est le choix id\u00e9al pour les tests de maintenance, de production et de route.<br><br><strong>IMPORTANCE DE LA PUCE OKI<\/strong><br>La puce OKI permet de supporter le protocole de communication UDS et de diagnostiquer TOUS LES VEHICULES DE 1996 A 2025.<br>Le VAS 5054A sans puce OKI permet seulement de diagnostiquer les v\u00e9hicules de 1996 \u00e0 2007.<br><br>Logiciel en Fran\u00e7ais<br><br><strong>Avantages :<\/strong><br>&#8211; Outil utilis\u00e9 dans les concessions<br>&#8211; Assistant de d\u00e9pannage facilite la recherche de la panne<br>&#8211; Fonctions assist\u00e9es facilite l&rsquo;activation des options<br>&#8211; Connexion Bluetooth<br>&#8211; Accepte les mises \u00e0 jour<br><br><strong>Assistant de d\u00e9pannage<\/strong> :<br>Cette fonction vous guide durant le diagnostic pour retrouver la panne sans avoir besoin d&rsquo;\u00eatre un expert, ce qui rend la t\u00e2che extr\u00eamement facile.<br>Fonction assist\u00e9e : Cette fonction permet de faire les adaptations, les r\u00e9glages de base, les codages sans avoir besoin de conna\u00eetre tous les codes et canaux d&rsquo;adaptation en plus de la possibilit\u00e9 de mise \u00e0 jour des calculateurs.<br>Exemple : adaptation de l&rsquo;EGR, des injecteurs, du boitier papillon, d&rsquo;un nouveau FAP, mise \u00e0 jour des calculateurs, r\u00e9g\u00e9n\u00e9ration du filtre \u00e0 particule.<br><br><strong>Mon v\u00e9hicule est-il compatible ?<\/strong><br>Le VAS 5054A AVEC PUCE OKI est compatible avec tous les v\u00e9hicules Volkswagen &#8211; Audi &#8211; Seat et Skoda de 1996 et 2025.<\/p>\n\n\n\n<p><strong>Contenu du pack :<\/strong><br>-1 X diag VAS5054A<br>-1 X c\u00e2ble USB<\/p>\n\n\n\n<p>Odis S11<\/p>\n","protected":false},"excerpt":{"rendered":"<p><strong>Valise VAS 5054\u00a0<\/strong><br \/>Odis S.11<br \/>Compatible sur les v\u00e9hicules du groupe VAG de 1995 \u00e0 2025<br \/>Compatible Windows 7\/8\/10\/11<\/p>\n","protected":false},"featured_media":64,"comment_status":"open","ping_status":"closed","template":"","meta":{"advanced_seo_description":"","jetpack_seo_html_title":"","jetpack_seo_noindex":false},"product_brand":[],"product_cat":[25],"product_tag":[],"class_list":{"0":"post-110","1":"product","2":"type-product","3":"status-publish","4":"has-post-thumbnail","6":"product_cat-outils-de-diag","8":"first","9":"instock","10":"sale","11":"shipping-taxable","12":"purchasable","13":"product-type-simple"},"jetpack_sharing_enabled":true,"_links":{"self":[{"href":"https:\/\/audinavi.fr\/index.php\/wp-json\/wp\/v2\/product\/110","targetHints":{"allow":["GET"]}}],"collection":[{"href":"https:\/\/audinavi.fr\/index.php\/wp-json\/wp\/v2\/product"}],"about":[{"href":"https:\/\/audinavi.fr\/index.php\/wp-json\/wp\/v2\/types\/product"}],"replies":[{"embeddable":true,"href":"https:\/\/audinavi.fr\/index.php\/wp-json\/wp\/v2\/comments?post=110"}],"wp:featuredmedia":[{"embeddable":true,"href":"https:\/\/audinavi.fr\/index.php\/wp-json\/wp\/v2\/media\/64"}],"wp:attachment":[{"href":"https:\/\/audinavi.fr\/index.php\/wp-json\/wp\/v2\/media?parent=110"}],"wp:term":[{"taxonomy":"product_brand","embeddable":true,"href":"https:\/\/audinavi.fr\/index.php\/wp-json\/wp\/v2\/product_brand?post=110"},{"taxonomy":"product_cat","embeddable":true,"href":"https:\/\/audinavi.fr\/index.php\/wp-json\/wp\/v2\/product_cat?post=110"},{"taxonomy":"product_tag","embeddable":true,"href":"https:\/\/audinavi.fr\/index.php\/wp-json\/wp\/v2\/product_tag?post=110"}],"curies":[{"name":"wp","href":"https:\/\/api.w.org\/{rel}","templated":true}]}}